{"id":715,"date":"2020-07-18T15:37:44","date_gmt":"2020-07-18T15:37:44","guid":{"rendered":"http:\/\/ralcuadrado.com\/?page_id=715"},"modified":"2020-07-18T17:04:17","modified_gmt":"2020-07-18T17:04:17","slug":"empresa","status":"publish","type":"page","link":"https:\/\/ralcuadrado.com\/?page_id=715","title":{"rendered":"EMPRESA"},"content":{"rendered":"<div data-colibri-id=\"715-c1\" class=\"style-379 style-local-715-c1 position-relative\">\n  <!---->\n  <div data-colibri-component=\"section\" data-colibri-id=\"715-c30\" id=\"reusable-sections\" class=\"h-section h-section-global-spacing d-flex align-items-lg-center align-items-md-center align-items-center style-704 style-local-715-c30 position-relative\">\n    <!---->\n    <!---->\n    <div class=\"h-section-grid-container h-section-boxed-container\">\n      <!---->\n      <div data-colibri-id=\"715-c31\" class=\"h-row-container gutters-row-lg-2 gutters-row-md-2 gutters-row-0 gutters-row-v-lg-2 gutters-row-v-md-2 gutters-row-v-2 style-705 style-local-715-c31 position-relative\">\n        <!---->\n        <div class=\"h-row justify-content-lg-center justify-content-md-center justify-content-center align-items-lg-stretch align-items-md-stretch align-items-stretch gutters-col-lg-2 gutters-col-md-2 gutters-col-0 gutters-col-v-lg-2 gutters-col-v-md-2 gutters-col-v-2\">\n          <!---->\n          <div class=\"h-column h-column-container d-flex h-col-lg-6 h-col-md-6 h-col-12 style-706-outer style-local-715-c32-outer\">\n            <div data-colibri-id=\"715-c32\" class=\"d-flex h-flex-basis h-column__inner h-px-lg-2 h-px-md-2 h-px-2 v-inner-lg-2 v-inner-md-2 v-inner-2 style-706 style-local-715-c32 position-relative\">\n              <!---->\n              <!---->\n              <div class=\"w-100 h-y-container h-column__content h-column__v-align flex-basis-100 align-self-lg-start align-self-md-start align-self-start\">\n                <!---->\n                <div data-colibri-id=\"715-c33\" class=\"h-global-transition-all h-heading style-707 style-local-715-c33 position-relative h-element\">\n                  <!---->\n                  <div class=\"h-heading__outer style-707 style-local-715-c33\">\n                    <!---->\n                    <!---->\n                    <h1 class=\"\">EMPRESA<\/h1>\n                  <\/div>\n                <\/div>\n              <\/div>\n            <\/div>\n          <\/div>\n        <\/div>\n      <\/div>\n    <\/div>\n  <\/div>\n  <div data-colibri-component=\"section\" data-colibri-id=\"715-c2\" id=\"about\" class=\"h-section h-section-global-spacing d-flex align-items-lg-center align-items-md-center align-items-center style-380 style-local-715-c2 position-relative\">\n    <!---->\n    <!---->\n    <div class=\"h-section-grid-container h-section-boxed-container\">\n      <!---->\n      <div data-colibri-id=\"715-c3\" class=\"h-row-container gutters-row-lg-2 gutters-row-md-2 gutters-row-2 gutters-row-v-lg-2 gutters-row-v-md-2 gutters-row-v-2 style-381 style-local-715-c3 position-relative\">\n        <!---->\n        <div class=\"h-row justify-content-lg-center justify-content-md-center justify-content-center align-items-lg-stretch align-items-md-stretch align-items-stretch gutters-col-lg-2 gutters-col-md-2 gutters-col-2 gutters-col-v-lg-2 gutters-col-v-md-2 gutters-col-v-2\">\n          <!---->\n          <div class=\"h-column h-column-container d-flex h-col-lg-auto h-col-md-auto h-col-auto style-382-outer style-local-715-c4-outer\">\n            <div data-colibri-id=\"715-c4\" class=\"d-flex h-flex-basis h-column__inner h-px-lg-2 h-px-md-2 h-px-2 v-inner-lg-2 v-inner-md-2 v-inner-2 style-382 style-local-715-c4 position-relative\">\n              <!---->\n              <!---->\n              <div class=\"w-100 h-y-container h-column__content h-column__v-align flex-basis-100 align-self-lg-center align-self-md-center align-self-center\">\n                <!---->\n                <div data-colibri-id=\"715-c5\" class=\"h-global-transition-all h-heading style-383 style-local-715-c5 position-relative h-element\">\n                  <!---->\n                  <div class=\"h-heading__outer style-383 style-local-715-c5\">\n                    <!---->\n                    <!---->\n                    <h2 class=\"\">SOBRE NOSOTROS<\/h2>\n                  <\/div>\n                <\/div>\n                <div data-colibri-id=\"715-c6\" class=\"h-global-transition-all h-heading style-384 style-local-715-c6 position-relative h-element\">\n                  <!---->\n                  <div class=\"h-heading__outer style-384 style-local-715-c6\">\n                    <!---->\n                    <!---->\n                    <h1 class=\"\">R2 Pintura decorativa i industrial S.L. es una empresa dedicada al servicio de trabajos de pintura dentro del mundo de la decoraci\u00f3n y de la industria con m\u00e1s de veinte a\u00f1os de experiencia profesional.\n                      <br>Nuestra principal misi\u00f3n es la soluci\u00f3n de las necesidades industriales y decorativas de nuestros clientes brind\u00e1ndoles un amplio abanico de posibilidades con la mejor calidad y respuesta posible.<\/h1>\n                  <\/div>\n                <\/div>\n              <\/div>\n            <\/div>\n          <\/div>\n          <div class=\"h-column h-column-container d-flex h-col-lg-auto h-col-md-auto h-col-auto style-385-outer style-local-715-c7-outer\">\n            <div data-colibri-id=\"715-c7\" class=\"d-flex h-flex-basis h-column__inner h-px-lg-2 h-px-md-2 h-px-2 v-inner-lg-2 v-inner-md-2 v-inner-2 style-385 style-local-715-c7 position-relative\">\n              <!---->\n              <!---->\n              <div class=\"w-100 h-y-container h-column__content h-column__v-align flex-basis-100 align-self-lg-center align-self-md-center align-self-center\">\n                <!---->\n                <div data-colibri-id=\"715-c8\" class=\"d-block style-386 style-local-715-c8 position-relative h-element\">\n                  <!---->\n                  <div class=\"h-image__frame-container-outer\">\n                    <div class=\"h-image__frame-container\">\n                      <!---->\n                      <!---->\n                      <img src=\"http:\/\/ralcuadrado.com\/wp-content\/uploads\/2020\/07\/colibri-image-128.png\" class=\"wp-image-1471 style-386-image style-local-715-c8-image\" alt=\"\" \/>\n                      <div class=\"h-image__frame h-hide-sm style-386-frameImage style-local-715-c8-frameImage\"><\/div>\n                    <\/div>\n                  <\/div>\n                <\/div>\n              <\/div>\n            <\/div>\n          <\/div>\n        <\/div>\n      <\/div>\n    <\/div>\n  <\/div>\n  <div data-colibri-component=\"section\" data-colibri-id=\"715-c9\" id=\"features\" class=\"h-section h-section-global-spacing d-flex align-items-lg-center align-items-md-center align-items-center style-387 style-local-715-c9 position-relative\">\n    <!---->\n    <!---->\n    <div class=\"h-section-grid-container h-section-boxed-container\">\n      <div data-colibri-id=\"715-c26\" class=\"h-row-container gutters-row-lg-2 gutters-row-md-2 gutters-row-0 gutters-row-v-lg-2 gutters-row-v-md-2 gutters-row-v-2 style-395 style-local-715-c26 position-relative\">\n        <!---->\n        <div class=\"h-row justify-content-lg-center justify-content-md-center justify-content-center align-items-lg-stretch align-items-md-stretch align-items-stretch gutters-col-lg-2 gutters-col-md-2 gutters-col-0 gutters-col-v-lg-2 gutters-col-v-md-2 gutters-col-v-2\">\n          <!---->\n          <div class=\"h-column h-column-container d-flex h-col-lg-auto h-col-md-auto h-col-auto style-396-outer style-local-715-c27-outer\">\n            <div data-colibri-id=\"715-c27\" class=\"d-flex h-flex-basis h-column__inner h-px-lg-2 h-px-md-2 h-px-2 v-inner-lg-2 v-inner-md-2 v-inner-2 style-396 style-local-715-c27 position-relative\">\n              <!---->\n              <!---->\n              <div class=\"w-100 h-y-container h-column__content h-column__v-align flex-basis-100 align-self-lg-start align-self-md-start align-self-start\">\n                <!---->\n                <div data-colibri-id=\"715-c28\" class=\"h-global-transition-all h-heading style-397 style-local-715-c28 position-relative h-element\">\n                  <!---->\n                  <div class=\"h-heading__outer style-397 style-local-715-c28\">\n                    <!---->\n                    <!---->\n                    <h2 class=\"\">VALORES<\/h2>\n                  <\/div>\n                <\/div>\n                <div data-colibri-id=\"715-c29\" class=\"h-lead h-text h-text-component style-398 style-local-715-c29 position-relative h-element\">\n                  <!---->\n                  <!---->\n                  <div class=\"\">\n                    <p>Trabajamos en base a unos principios que orientan todas nuestras acciones i decisiones laborales para ofrecerte nuestro mejor servicio.&nbsp;<\/p>\n                  <\/div>\n                <\/div>\n              <\/div>\n            <\/div>\n          <\/div>\n        <\/div>\n      <\/div>\n      <div data-colibri-id=\"715-c10\" class=\"h-row-container gutters-row-lg-2 gutters-row-md-2 gutters-row-2 gutters-row-v-lg-2 gutters-row-v-md-2 gutters-row-v-2 style-388 style-local-715-c10 position-relative\">\n        <!---->\n        <div class=\"h-row justify-content-lg-center justify-content-md-center justify-content-center align-items-lg-stretch align-items-md-stretch align-items-stretch gutters-col-lg-2 gutters-col-md-2 gutters-col-2 gutters-col-v-lg-2 gutters-col-v-md-2 gutters-col-v-2\">\n          <!---->\n          <div class=\"h-column h-column-container d-flex h-col-lg-2 h-col-md-2 h-col-6 style-389-outer style-local-715-c11-outer\">\n            <div data-colibri-id=\"715-c11\" class=\"d-flex h-flex-basis h-column__inner h-px-lg-0 h-px-md-0 h-px-0 v-inner-lg-0 v-inner-md-0 v-inner-2 style-389 style-local-715-c11 position-relative\">\n              <!---->\n              <!---->\n              <div class=\"w-100 h-y-container h-column__content h-column__v-align flex-basis-100 align-self-lg-start align-self-md-start align-self-start\">\n                <!---->\n                <div data-colibri-id=\"715-c12\" class=\"h-icon style-390 style-local-715-c12 position-relative h-element\">\n                  <!----><span class=\"h-svg-icon h-icon__icon style-390-icon style-local-715-c12-icon\"><!--Icon by Font Awesome (https:\/\/fontawesome.com)--><svg version=\"1.1\" xmlns=\"http:\/\/www.w3.org\/2000\/svg\" xmlns:xlink=\"http:\/\/www.w3.org\/1999\/xlink\" id=\"handshake-o\" viewBox=\"0 0 2304 1896.0833\"><path d=\"M192 1152q40 0 56-32t0-64-56-32-56 32 0 64 56 32zm1473-58q-10-13-38.5-50t-41.5-54-38-49-42.5-53-40.5-47-45-49l-125 140q-83 94-208.5 92T880 926q-57-69-56.5-158T882 611l177-206q-22-11-51-16.5t-47.5-6-56.5.5-49 1q-92 0-158 66L539 608H384v544q5 0 21-.5t22 0 19.5 2 20.5 4.5 17.5 8.5T503 1180l297 292q115 111 227 111 78 0 125-47 57 20 112.5-8t72.5-85q74 6 127-44 20-18 36-45.5t14-50.5q10 10 43 10 43 0 77-21t49.5-53 12-71.5-30.5-73.5zm159 58h96V640h-93l-157-180q-66-76-169-76h-167q-89 0-146 67L979 694q-28 33-28 75t27 75q43 51 110 52t111-49l193-218q25-23 53.5-21.5t47 27 8.5 56.5q16 19 56 63t60 68q29 36 82.5 105.5t64.5 84.5q52 66 60 140zm288 0q40 0 56-32t0-64-56-32-56 32 0 64 56 32zm192-576v640q0 26-19 45t-45 19h-434q-27 65-82 106.5t-125 51.5q-33 48-80.5 81.5T1416 1565q-42 53-104.5 81.5T1183 1671q-60 34-126 39.5t-127.5-14-117-53.5-103.5-81l-287-282H64q-26 0-45-19t-19-45V544q0-26 19-45t45-19h421q14-14 47-48t47.5-48 44-40 50.5-37.5 51-25.5 62-19.5 68-5.5h117q99 0 181 56 82-56 181-56h167q35 0 67 6t56.5 14.5T1676 303t44.5 31 43 39.5 39 42 41 48T1885 512h355q26 0 45 19t19 45z\"><\/path><\/svg><\/span><\/div>\n                <div\n                  data-colibri-id=\"715-c13\" class=\"h-global-transition-all h-heading style-391 style-local-715-c13 position-relative h-element\">\n                  <!---->\n                  <div class=\"h-heading__outer style-391 style-local-715-c13\">\n                    <!---->\n                    <!---->\n                    <h4 class=\"\">Compromiso y seriedad<\/h4>\n                  <\/div>\n              <\/div>\n            <\/div>\n          <\/div>\n        <\/div>\n        <div class=\"h-column h-column-container d-flex h-col-lg-2 h-col-md-2 h-col-6 style-389-outer style-local-715-c14-outer\">\n          <div data-colibri-id=\"715-c14\" class=\"d-flex h-flex-basis h-column__inner h-px-lg-0 h-px-md-0 h-px-0 v-inner-lg-0 v-inner-md-0 v-inner-2 style-389 style-local-715-c14 position-relative\">\n            <!---->\n            <!---->\n            <div class=\"w-100 h-y-container h-column__content h-column__v-align flex-basis-100 align-self-lg-start align-self-md-start align-self-start\">\n              <!---->\n              <div data-colibri-id=\"715-c15\" class=\"h-icon style-390 style-local-715-c15 position-relative h-element\">\n                <!----><span class=\"h-svg-icon h-icon__icon style-390-icon style-local-715-c15-icon\"><!--Icon by Font Awesome (https:\/\/fontawesome.com)--><svg version=\"1.1\" xmlns=\"http:\/\/www.w3.org\/2000\/svg\" xmlns:xlink=\"http:\/\/www.w3.org\/1999\/xlink\" id=\"shopping-bag\" viewBox=\"0 0 1792.0541 1896.0833\"><path d=\"M1757 1408l35 313q3 28-16 50-19 21-48 21H64q-29 0-48-21-19-22-16-50l35-313h1722zm-93-839l86 775H42l86-775q3-24 21-40.5t43-16.5h256v128q0 53 37.5 90.5T576 768t90.5-37.5T704 640V512h384v128q0 53 37.5 90.5T1216 768t90.5-37.5T1344 640V512h256q25 0 43 16.5t21 40.5zm-384-185v256q0 26-19 45t-45 19-45-19-19-45V384q0-106-75-181t-181-75-181 75-75 181v256q0 26-19 45t-45 19-45-19-19-45V384q0-159 112.5-271.5T896 0t271.5 112.5T1280 384z\"><\/path><\/svg><\/span><\/div>\n              <div\n                data-colibri-id=\"715-c16\" class=\"h-global-transition-all h-heading style-391 style-local-715-c16 position-relative h-element\">\n                <!---->\n                <div class=\"h-heading__outer style-391 style-local-715-c16\">\n                  <!---->\n                  <!---->\n                  <h4 class=\"\">Profesionalidad y \u00e9tica<\/h4>\n                <\/div>\n            <\/div>\n          <\/div>\n        <\/div>\n      <\/div>\n      <div class=\"h-column h-column-container d-flex h-col-lg-2 h-col-md-2 h-col-6 style-389-outer style-local-715-c17-outer\">\n        <div data-colibri-id=\"715-c17\" class=\"d-flex h-flex-basis h-column__inner h-px-lg-0 h-px-md-0 h-px-0 v-inner-lg-0 v-inner-md-0 v-inner-2 style-389 style-local-715-c17 position-relative\">\n          <!---->\n          <!---->\n          <div class=\"w-100 h-y-container h-column__content h-column__v-align flex-basis-100 align-self-lg-start align-self-md-start align-self-start\">\n            <!---->\n            <div data-colibri-id=\"715-c18\" class=\"h-icon style-390 style-local-715-c18 position-relative h-element\">\n              <!----><span class=\"h-svg-icon h-icon__icon style-390-icon style-local-715-c18-icon\"><!--Icon by Font Awesome (https:\/\/fontawesome.com)--><svg version=\"1.1\" xmlns=\"http:\/\/www.w3.org\/2000\/svg\" xmlns:xlink=\"http:\/\/www.w3.org\/1999\/xlink\" id=\"comments\" viewBox=\"0 0 1792 1896.0833\"><path d=\"M1408 768q0 139-94 257t-256.5 186.5T704 1280q-86 0-176-16-124 88-278 128-36 9-86 16h-3q-11 0-20.5-8t-11.5-21q-1-3-1-6.5t.5-6.5 2-6l2.5-5 3.5-5.5 4-5 4.5-5 4-4.5q5-6 23-25t26-29.5 22.5-29 25-38.5 20.5-44q-124-72-195-177T0 768q0-139 94-257t256.5-186.5T704 256t353.5 68.5T1314 511t94 257zm384 256q0 120-71 224.5T1526 1425q10 24 20.5 44t25 38.5 22.5 29 26 29.5 23 25q1 1 4 4.5t4.5 5 4 5 3.5 5.5l2.5 5 2 6 .5 6.5-1 6.5q-3 14-13 22t-22 7q-50-7-86-16-154-40-278-128-90 16-176 16-271 0-472-132 58 4 88 4 161 0 309-45t264-129q125-92 192-212t67-254q0-77-23-152 129 71 204 178t75 230z\"><\/path><\/svg><\/span><\/div>\n            <div\n              data-colibri-id=\"715-c19\" class=\"h-global-transition-all h-heading style-391 style-local-715-c19 position-relative h-element\">\n              <!---->\n              <div class=\"h-heading__outer style-391 style-local-715-c19\">\n                <!---->\n                <!---->\n                <h4 class=\"\">Servicio y respuesta<\/h4>\n              <\/div>\n          <\/div>\n        <\/div>\n      <\/div>\n    <\/div>\n    <div class=\"h-column h-column-container d-flex h-col-lg-2 h-col-md-2 h-col-6 style-389-outer style-local-715-c20-outer\">\n      <div data-colibri-id=\"715-c20\" class=\"d-flex h-flex-basis h-column__inner h-px-lg-0 h-px-md-0 h-px-0 v-inner-lg-0 v-inner-md-0 v-inner-2 style-389 style-local-715-c20 position-relative\">\n        <!---->\n        <!---->\n        <div class=\"w-100 h-y-container h-column__content h-column__v-align flex-basis-100 align-self-lg-start align-self-md-start align-self-start\">\n          <!---->\n          <div data-colibri-id=\"715-c21\" class=\"h-icon style-390 style-local-715-c21 position-relative h-element\">\n            <!----><span class=\"h-svg-icon h-icon__icon style-390-icon style-local-715-c21-icon\"><!--Icon by Icons8 Line Awesome (https:\/\/icons8.com\/line-awesome)--><svg version=\"1.1\" xmlns=\"http:\/\/www.w3.org\/2000\/svg\" xmlns:xlink=\"http:\/\/www.w3.org\/1999\/xlink\" id=\"lightbulb-o\" viewBox=\"0 0 512 545.5\"><path d=\"M109 70.5l33.5 33.5-22.5 22.5L86.5 93zm294 0L425.5 93 392 126.5 369.5 104zm-147 10c78.95-.75 144 64.436 144 143.5 0 43.29-19.986 80.986-46.5 107.5-19.81 18.394-32 42.033-32 65.5v19H320v64h-36.5c-5.553 9.55-15.715 16-27.5 16s-21.947-6.45-27.5-16H192v-96c-3.24-17.87-12.705-35.39-28-48.5-35.727-30.368-57.17-77.527-50-129.5 8.977-64.628 60.63-117.062 125.5-124.5.174-.02.326.02.5 0 5.37-.652 10.736-.95 16-1zm0 32c-4.122.06-8.285.473-12.5 1-50.102 5.566-91 46.09-98 96.5-5.63 40.827 11.227 76.97 39.5 101 22.21 19.038 33.99 45.573 37.5 73h70c3.768-28.672 17.507-54.937 39-75l-.5-.5c21.486-21.486 37-50.99 37-84.5 0-61.776-50.164-112.378-112-111.5zM32 224h48v32H32v-32zm400 0h48v32h-48v-32zM120 353.5l22.5 22.5-33.5 33.5L86.5 387zm272 0l33.5 33.5-22.5 22.5-33.5-33.5zM224 416v32h64v-32h-64z\"><\/path><\/svg><\/span><\/div>\n          <div\n            data-colibri-id=\"715-c22\" class=\"h-global-transition-all h-heading style-391 style-local-715-c22 position-relative h-element\">\n            <!---->\n            <div class=\"h-heading__outer style-391 style-local-715-c22\">\n              <!---->\n              <!---->\n              <h4 class=\"\">Innovaci\u00f3n y calidad<\/h4>\n            <\/div>\n        <\/div>\n      <\/div>\n    <\/div>\n  <\/div>\n  <div class=\"h-column h-column-container d-flex h-col-lg-2 h-col-md-2 h-col-6 style-392-outer style-local-715-c23-outer\">\n    <div data-colibri-id=\"715-c23\" class=\"d-flex h-flex-basis h-column__inner h-px-lg-0 h-px-md-0 h-px-0 v-inner-lg-0 v-inner-md-0 v-inner-0 style-392 style-local-715-c23 position-relative\">\n      <!---->\n      <!---->\n      <div class=\"w-100 h-y-container h-column__content h-column__v-align flex-basis-100 align-self-lg-start align-self-md-start align-self-start\">\n        <!---->\n        <div data-colibri-id=\"715-c24\" class=\"h-icon style-393 style-local-715-c24 position-relative h-element\">\n          <!----><span class=\"h-svg-icon h-icon__icon style-393-icon style-local-715-c24-icon\"><!--Icon by Font Awesome (https:\/\/fontawesome.com)--><svg version=\"1.1\" xmlns=\"http:\/\/www.w3.org\/2000\/svg\" xmlns:xlink=\"http:\/\/www.w3.org\/1999\/xlink\" id=\"arrows-alt\" viewBox=\"0 0 1567.1139 1896.0833\"><path d=\"M1283 541L928 896l355 355 144-144q29-31 70-14 39 17 39 59v448q0 26-19 45t-45 19h-448q-42 0-59-40-17-39 14-69l144-144-355-355-355 355 144 144q31 30 14 69-17 40-59 40H64q-26 0-45-19t-19-45v-448q0-42 40-59 39-17 69 14l144 144 355-355-355-355-144 144q-19 19-45 19-12 0-24-5-40-17-40-59V192q0-26 19-45t45-19h448q42 0 59 40 17 39-14 69L413 381l355 355 355-355-144-144q-31-30-14-69 17-40 59-40h448q26 0 45 19t19 45v448q0 42-39 59-13 5-25 5-26 0-45-19z\"><\/path><\/svg><\/span><\/div>\n        <div\n          data-colibri-id=\"715-c25\" class=\"h-text h-text-component style-394 style-local-715-c25 position-relative h-element\">\n          <!---->\n          <!---->\n          <div class=\"\">\n            <h4>Dinamismo y adaptaci\u00f3n<\/h4>\n          <\/div>\n      <\/div>\n    <\/div>\n  <\/div>\n<\/div>\n<\/div>\n<\/div>\n<\/div>\n<\/div>\n<\/div>","protected":false},"excerpt":{"rendered":"<p>EMPRESA SOBRE NOSOTROS R2 Pintura decorativa i industrial S.L. es una empresa dedicada al servicio de trabajos de pintura dentro del mundo de la decoraci\u00f3n y de la industria con m\u00e1s de veinte a\u00f1os de experiencia profesional. Nuestra principal misi\u00f3n es la soluci\u00f3n de las necesidades industriales y decorativas de nuestros clientes brind\u00e1ndoles un amplio [&hellip;]<\/p>\n","protected":false},"author":1,"featured_media":0,"parent":0,"menu_order":0,"comment_status":"closed","ping_status":"closed","template":"page-templates\/homepage.php","meta":[],"_links":{"self":[{"href":"https:\/\/ralcuadrado.com\/index.php?rest_route=\/wp\/v2\/pages\/715"}],"collection":[{"href":"https:\/\/ralcuadrado.com\/index.php?rest_route=\/wp\/v2\/pages"}],"about":[{"href":"https:\/\/ralcuadrado.com\/index.php?rest_route=\/wp\/v2\/types\/page"}],"author":[{"embeddable":true,"href":"https:\/\/ralcuadrado.com\/index.php?rest_route=\/wp\/v2\/users\/1"}],"replies":[{"embeddable":true,"href":"https:\/\/ralcuadrado.com\/index.php?rest_route=%2Fwp%2Fv2%2Fcomments&post=715"}],"version-history":[{"count":3,"href":"https:\/\/ralcuadrado.com\/index.php?rest_route=\/wp\/v2\/pages\/715\/revisions"}],"predecessor-version":[{"id":877,"href":"https:\/\/ralcuadrado.com\/index.php?rest_route=\/wp\/v2\/pages\/715\/revisions\/877"}],"wp:attachment":[{"href":"https:\/\/ralcuadrado.com\/index.php?rest_route=%2Fwp%2Fv2%2Fmedia&parent=715"}],"curies":[{"name":"wp","href":"https:\/\/api.w.org\/{rel}","templated":true}]}}